{"id":20621,"date":"2024-01-15T12:01:17","date_gmt":"2024-01-15T11:01:17","guid":{"rendered":"https:\/\/www.beaulieumarine.com\/?page_id=20621"},"modified":"2024-01-19T10:35:03","modified_gmt":"2024-01-19T09:35:03","slug":"gala","status":"publish","type":"page","link":"https:\/\/www.beaulieumarine.com\/en\/for-sale\/gala\/","title":{"rendered":"GALA"},"content":{"rendered":"<p>[vc_row type=&#8221;full_width_section&#8221; bg_image=&#8221;12555&#8243; bg_repeat=&#8221;no-repeat&#8221; class=&#8221;bg_gamme&#8221;][vc_column][\/vc_column][\/vc_row][vc_row type=&#8221;full_width_section&#8221; bg_color=&#8221;#e9e3d8&#8243; class=&#8221;brand_txt&#8221;][vc_column][vc_row_inner el_class=&#8221;content-wrapper gamme_txt&#8221;][vc_column_inner][vc_single_image image=&#8221;20893&#8243; img_size=&#8221;full&#8221; alignment=&#8221;center&#8221;][vc_column_text el_class=&#8221;coming_soon&#8221;][\/vc_column_text][vc_column_text el_class=&#8221;vente_title&#8221;]<\/p>\n<h1>GALA<\/h1>\n<h2>GALA dealer in Beaulieu-sur-Mer, between Saint-Jean-Cap-Ferrat and Monaco.<br \/>\nDiscover the different models in the Viking and Atlantis lines.<br \/>\nAll models are built with an aluminium hull.<\/h2>\n<p>[\/vc_column_text][\/vc_column_inner][\/vc_row_inner][\/vc_column][\/vc_row][vc_row top_padding=&#8221;25&#8243; bottom_padding=&#8221;25&#8243;][vc_column][vc_column_text]<\/p>\n<h3 style=\"text-align: center;\">LINE VIKING<\/h3>\n<p>[\/vc_column_text][\/vc_column][\/vc_row][vc_row equal_height=&#8221;yes&#8221; rtl_reverse=&#8221;yes&#8221; type=&#8221;full_width_section&#8221; top_padding=&#8221;25&#8243; class=&#8221;row_reverse tpl_loc&#8221;][vc_column width=&#8221;1\/2&#8243; el_class=&#8221;col_spe matchHeight&#8221;][vc_column_text]The <strong>GALA VIKING<\/strong> line comes in three versions, depending on the size and use of the boat.<\/p>\n<ul>The best-equipped tenders in the GALA family:<\/p>\n<li>V330<\/li>\n<li>V360<\/li>\n<\/ul>\n<ul>The semi-rigid suitable for rough seas:<\/p>\n<li>V500<\/li>\n<\/ul>\n<ul>RIBs with space in the cockpit:<\/p>\n<li>V580<\/li>\n<li>V650<\/li>\n<\/ul>\n<p>[\/vc_column_text][\/vc_column][vc_column width=&#8221;1\/2&#8243; css=&#8221;.vc_custom_1705396562059{background-image: url(https:\/\/www.beaulieumarine.com\/wp-content\/uploads\/2023\/01\/V650-06.jpg?id=12553) !important;background-position: center !important;background-repeat: no-repeat !important;background-size: cover !important;}&#8221; el_class=&#8221;col_bg matchHeight&#8221;][\/vc_column][\/vc_row][vc_row top_padding=&#8221;50&#8243; bottom_padding=&#8221;25&#8243;][vc_column][vc_column_text]<\/p>\n<h3 style=\"text-align: center;\">LINE ATLANTIS<\/h3>\n<p>[\/vc_column_text][\/vc_column][\/vc_row][vc_row equal_height=&#8221;yes&#8221; type=&#8221;full_width_section&#8221; class=&#8221;tpl_loc&#8221;][vc_column width=&#8221;1\/2&#8243; el_class=&#8221;col_bg matchHeight&#8221; css=&#8221;.vc_custom_1705353468973{background-image: url(https:\/\/www.beaulieumarine.com\/wp-content\/uploads\/2024\/01\/Sans-titre-3.jpg?id=20670) !important;background-position: center !important;background-repeat: no-repeat !important;background-size: cover !important;}&#8221;][\/vc_column][vc_column width=&#8221;1\/2&#8243; el_class=&#8221;col_spe matchHeight&#8221;][vc_column_text]<\/p>\n<h4>ATLANTIS AQUAHELM<\/h4>\n<p>Lightweight, manoeuvrable tenders with remote control. Available in 3 sizes:<\/p>\n<ul>\n<li>A300Q<\/li>\n<li>A330Q<\/li>\n<li>A360Q<\/li>\n<\/ul>\n<p>[\/vc_column_text][\/vc_column][\/vc_row][vc_row equal_height=&#8221;yes&#8221; rtl_reverse=&#8221;yes&#8221; type=&#8221;full_width_section&#8221; class=&#8221;row_reverse tpl_loc&#8221;][vc_column width=&#8221;1\/2&#8243; el_class=&#8221;col_spe matchHeight&#8221;][vc_column_text]<\/p>\n<h4>ATLANTIS SPORT<\/h4>\n<p>RIBs designed for high-speed sport driving and for use as a support boat thanks to their console with jockey seats. Models available in 5 sizes:<\/p>\n<ul>\n<li>A330S<\/li>\n<li>A360S<\/li>\n<li>A400S<\/li>\n<li>A450S<\/li>\n<li>A500S<\/li>\n<\/ul>\n<p>[\/vc_column_text][\/vc_column][vc_column width=&#8221;1\/2&#8243; css=&#8221;.vc_custom_1705396495798{background-image: url(https:\/\/www.beaulieumarine.com\/wp-content\/uploads\/2024\/01\/sport.jpg?id=20697) !important;background-position: center !important;background-repeat: no-repeat !important;background-size: cover !important;}&#8221; el_class=&#8221;col_bg matchHeight&#8221;][\/vc_column][\/vc_row][vc_row equal_height=&#8221;yes&#8221; rtl_reverse=&#8221;yes&#8221; type=&#8221;full_width_section&#8221; class=&#8221;tpl_loc bot-5&#8243;][vc_column width=&#8221;1\/2&#8243; css=&#8221;.vc_custom_1705396510369{background-image: url(https:\/\/www.beaulieumarine.com\/wp-content\/uploads\/2024\/01\/luxe-1.jpg?id=20703) !important;background-position: center !important;background-repeat: no-repeat !important;background-size: cover !important;}&#8221; el_class=&#8221;col_bg matchHeight&#8221;][\/vc_column][vc_column width=&#8221;1\/2&#8243; el_class=&#8221;col_spe matchHeight&#8221;][vc_column_text]<\/p>\n<h4>ATLANTIS LUXE<\/h4>\n<p>The Atlantis Luxe line is divided into 3 distinct series.<\/p>\n<ul>Tenders with console:<\/p>\n<li>A300L<\/li>\n<li>A330L<\/li>\n<\/ul>\n<ul>Small boats for fishing or water sports:<\/p>\n<li>A360L<\/li>\n<li>A400L<\/li>\n<\/ul>\n<ul>Semi-rigids with bench seat:<\/p>\n<li>A450L<\/li>\n<li>A500L<\/li>\n<\/ul>\n<p>[\/vc_column_text][\/vc_column][\/vc_row][vc_row top_padding=&#8221;75&#8243; bottom_margin=&#8221;50&#8243; class=&#8221;services_contact&#8221;][vc_column][vc_column_text]<\/p>\n<h3 style=\"text-align: center;\">Ask for more information about GALA tenders<\/h3>\n<p style=\"text-align: center;\">Your quote within 48 hours<\/p>\n<p>[\/vc_column_text]\n<div class=\"wpcf7 no-js\" id=\"wpcf7-f4-o1\" lang=\"fr-FR\" dir=\"ltr\" data-wpcf7-id=\"4\">\n<div class=\"screen-reader-response\"><p role=\"status\" aria-live=\"polite\" aria-atomic=\"true\"><\/p> <ul><\/ul><\/div>\n<form action=\"\/en\/wp-json\/wp\/v2\/pages\/20621#wpcf7-f4-o1\" method=\"post\" class=\"wpcf7-form init\" aria-label=\"Formulaire de contact\" novalidate=\"novalidate\" data-status=\"init\">\n<fieldset class=\"hidden-fields-container\"><input type=\"hidden\" name=\"_wpcf7\" value=\"4\" \/><input type=\"hidden\" name=\"_wpcf7_version\" value=\"6.1.5\" \/><input type=\"hidden\" name=\"_wpcf7_locale\" value=\"fr_FR\" \/><input type=\"hidden\" name=\"_wpcf7_unit_tag\" value=\"wpcf7-f4-o1\" \/><input type=\"hidden\" name=\"_wpcf7_container_post\" value=\"0\" \/><input type=\"hidden\" name=\"_wpcf7_posted_data_hash\" value=\"\" \/><input type=\"hidden\" name=\"redirect_nonce\" value=\"4d93356249\" \/><input type=\"hidden\" name=\"wpcf7cfpdf_hidden_name\" value=\"document-pdf\" \/><input type=\"hidden\" name=\"wpcf7cfpdf_hidden_reference\" value=\"cd95c0d6\" \/><input type=\"hidden\" name=\"wpcf7cfpdf_hidden_date\" value=\"04302026\" \/><input type=\"hidden\" name=\"_wpcf7_recaptcha_response\" value=\"\" \/>\n<\/fieldset>\n<p><label> Nom*<br \/>\n<span class=\"wpcf7-form-control-wrap\" data-name=\"your-name\"><input size=\"40\" maxlength=\"400\" class=\"wpcf7-form-control wpcf7-text wpcf7-validates-as-required\" aria-required=\"true\" aria-invalid=\"false\" placeholder=\"Nom\" value=\"\" type=\"text\" name=\"your-name\" \/><\/span> <\/label>\n<\/p>\n<p><label> T\u00e9l\u00e9phone*<br \/>\n<span class=\"wpcf7-form-control-wrap\" data-name=\"tel\"><input size=\"40\" maxlength=\"400\" class=\"wpcf7-form-control wpcf7-text wpcf7-validates-as-required\" aria-required=\"true\" aria-invalid=\"false\" placeholder=\"T\u00e9l\u00e9phone\" value=\"\" type=\"text\" name=\"tel\" \/><\/span> <\/label>\n<\/p>\n<p><label> E-mail*<br \/>\n<span class=\"wpcf7-form-control-wrap\" data-name=\"your-email\"><input size=\"40\" maxlength=\"400\" class=\"wpcf7-form-control wpcf7-email wpcf7-validates-as-required wpcf7-text wpcf7-validates-as-email\" aria-required=\"true\" aria-invalid=\"false\" placeholder=\"Email\" value=\"\" type=\"email\" name=\"your-email\" \/><\/span> <\/label>\n<\/p>\n<p><label> Sujet<br \/>\n<span class=\"wpcf7-form-control-wrap\" data-name=\"your-subject\"><input size=\"40\" maxlength=\"400\" class=\"wpcf7-form-control wpcf7-text\" aria-invalid=\"false\" placeholder=\"Sujet\" value=\"\" type=\"text\" name=\"your-subject\" \/><\/span> <\/label>\n<\/p>\n<p><label> Message<br \/>\n<span class=\"wpcf7-form-control-wrap\" data-name=\"your-message\"><textarea cols=\"40\" rows=\"10\" maxlength=\"2000\" class=\"wpcf7-form-control wpcf7-textarea\" aria-invalid=\"false\" placeholder=\"Votre Message\" name=\"your-message\"><\/textarea><\/span> <\/label><span class=\"wpcf7-form-control-wrap\" data-name=\"acceptance-784\"><span class=\"wpcf7-form-control wpcf7-acceptance\"><span class=\"wpcf7-list-item\"><label><input type=\"checkbox\" name=\"acceptance-784\" value=\"1\" aria-invalid=\"false\" \/><span class=\"wpcf7-list-item-label\">En soumettant ce formulaire, j'accepte que les informations saisies dans ce formulaire soient utilis\u00e9es pour permettre de me recontacter.  J\u2019affirme avoir pris connaissance de notre <a href=\"https:\/\/www.beaulieumarine.com\/politique-de-confidentialite\/\" target=\"_blank\">politique de confidentialit\u00e9<\/a>.<\/span><\/label><\/span><\/span><\/span>\n<\/p>\n<div class=\"recaptcha\">\n<span class=\"wpcf7-form-control-wrap recaptcha\" data-name=\"recaptcha\"><span data-sitekey=\"6LeN86kUAAAAABiO6ojOb54lyiOIxbE9_1uhMlCK\" class=\"wpcf7-form-control wpcf7-recaptcha g-recaptcha\"><\/span>\r\n<noscript>\r\n\t<div class=\"grecaptcha-noscript\">\r\n\t\t<iframe loading=\"lazy\" src=\"https:\/\/www.google.com\/recaptcha\/api\/fallback?k=6LeN86kUAAAAABiO6ojOb54lyiOIxbE9_1uhMlCK\" frameborder=\"0\" scrolling=\"no\" width=\"310\" height=\"430\">\r\n\t\t<\/iframe>\r\n\t\t<textarea name=\"g-recaptcha-response\" rows=\"3\" cols=\"40\" placeholder=\"reCaptcha Response Here\">\r\n\t\t<\/textarea>\r\n\t<\/div>\r\n<\/noscript>\r\n<\/span>\n<\/div>\n<div class=\"bloc_submit\">\n\t<p><input class=\"wpcf7-form-control wpcf7-submit has-spinner\" type=\"submit\" value=\"Envoyer\" \/>\n\t<\/p>\n<\/div><input type='hidden' class='wpcf7-pum' value='{\"closepopup\":false,\"closedelay\":0,\"openpopup\":false,\"openpopup_id\":0}' \/><div class=\"wpcf7-response-output\" aria-hidden=\"true\"><\/div>\n<\/form>\n<\/div>\n[\/vc_column][\/vc_row]<\/p>\n","protected":false},"excerpt":{"rendered":"<p>[vc_row type=&#8221;full_width_section&#8221; bg_image=&#8221;12555&#8243; bg_repeat=&#8221;no-repeat&#8221; class=&#8221;bg_gamme&#8221;][vc_column][\/vc_column][\/vc_row][vc_row type=&#8221;full_width_section&#8221; bg_color=&#8221;#e9e3d8&#8243; class=&#8221;brand_txt&#8221;][vc_column][vc_row_inner el_class=&#8221;content-wrapper gamme_txt&#8221;][vc_column_inner][vc_single_image image=&#8221;20893&#8243; img_size=&#8221;full&#8221; alignment=&#8221;center&#8221;][vc_column_text el_class=&#8221;coming_soon&#8221;][\/vc_column_text][vc_column_text el_class=&#8221;vente_title&#8221;] GALA GALA dealer in Beaulieu-sur-Mer, between Saint-Jean-Cap-Ferrat and Monaco. Discover the different models in the Viking and Atlantis lines. All models are built with an aluminium hull. [\/vc_column_text][\/vc_column_inner][\/vc_row_inner][\/vc_column][\/vc_row][vc_row top_padding=&#8221;25&#8243; bottom_padding=&#8221;25&#8243;][vc_column][vc_column_text] LINE VIKING [\/vc_column_text][\/vc_column][\/vc_row][vc_row equal_height=&#8221;yes&#8221; rtl_reverse=&#8221;yes&#8221; type=&#8221;full_width_section&#8221; top_padding=&#8221;25&#8243; class=&#8221;row_reverse tpl_loc&#8221;][vc_column width=&#8221;1\/2&#8243;<\/p>\n","protected":false},"author":1,"featured_media":12555,"parent":1275,"menu_order":0,"comment_status":"closed","ping_status":"closed","template":"","meta":{"_acf_changed":false,"footnotes":""},"class_list":["post-20621","page","type-page","status-publish","has-post-thumbnail","hentry"],"acf":[],"yoast_head":"<!-- This site is optimized with the Yoast SEO Premium plugin v24.7 (Yoast SEO v27.5) - https:\/\/yoast.com\/product\/yoast-seo-premium-wordpress\/ -->\n<title>GALA - Beaulieu Marine<\/title>\n<meta name=\"description\" content=\"D\u00e9couvrez les diff\u00e9rents mod\u00e8les d&#039;annexes des gammes Atlantis et Viking de GALA. Revendeur \u00e0 Beaulieu-sur-Mer. Contactez-nous.\" \/>\n<meta name=\"robots\" content=\"index, follow, max-snippet:-1, max-image-preview:large, max-video-preview:-1\" \/>\n<link rel=\"canonical\" href=\"https:\/\/www.beaulieumarine.com\/en\/for-sale\/gala\/\" \/>\n<meta property=\"og:locale\" content=\"en_US\" \/>\n<meta property=\"og:type\" content=\"article\" \/>\n<meta property=\"og:title\" content=\"GALA\" \/>\n<meta property=\"og:description\" content=\"D\u00e9couvrez les diff\u00e9rents mod\u00e8les d&#039;annexes des gammes Atlantis et Viking de GALA. Revendeur \u00e0 Beaulieu-sur-Mer. Contactez-nous.\" \/>\n<meta property=\"og:url\" content=\"https:\/\/www.beaulieumarine.com\/en\/for-sale\/gala\/\" \/>\n<meta property=\"og:site_name\" content=\"Beaulieu Marine\" \/>\n<meta property=\"article:publisher\" content=\"https:\/\/www.facebook.com\/beaulieumarine\/?fref=ts\" \/>\n<meta property=\"article:modified_time\" content=\"2024-01-19T09:35:03+00:00\" \/>\n<meta property=\"og:image\" content=\"https:\/\/www.beaulieumarine.com\/wp-content\/uploads\/2023\/01\/gala-1.png\" \/>\n\t<meta property=\"og:image:width\" content=\"960\" \/>\n\t<meta property=\"og:image:height\" content=\"640\" \/>\n\t<meta property=\"og:image:type\" content=\"image\/png\" \/>\n<meta name=\"twitter:card\" content=\"summary_large_image\" \/>\n<meta name=\"twitter:label1\" content=\"Est. reading time\" \/>\n\t<meta name=\"twitter:data1\" content=\"2 minutes\" \/>\n<script type=\"application\/ld+json\" class=\"yoast-schema-graph\">{\"@context\":\"https:\\\/\\\/schema.org\",\"@graph\":[{\"@type\":\"WebPage\",\"@id\":\"https:\\\/\\\/www.beaulieumarine.com\\\/en\\\/for-sale\\\/gala\\\/\",\"url\":\"https:\\\/\\\/www.beaulieumarine.com\\\/en\\\/for-sale\\\/gala\\\/\",\"name\":\"GALA - Beaulieu Marine\",\"isPartOf\":{\"@id\":\"https:\\\/\\\/www.beaulieumarine.com\\\/en\\\/#website\"},\"primaryImageOfPage\":{\"@id\":\"https:\\\/\\\/www.beaulieumarine.com\\\/en\\\/for-sale\\\/gala\\\/#primaryimage\"},\"image\":{\"@id\":\"https:\\\/\\\/www.beaulieumarine.com\\\/en\\\/for-sale\\\/gala\\\/#primaryimage\"},\"thumbnailUrl\":\"https:\\\/\\\/www.beaulieumarine.com\\\/wp-content\\\/uploads\\\/2023\\\/01\\\/gala-1.png\",\"datePublished\":\"2024-01-15T11:01:17+00:00\",\"dateModified\":\"2024-01-19T09:35:03+00:00\",\"description\":\"D\u00e9couvrez les diff\u00e9rents mod\u00e8les d'annexes des gammes Atlantis et Viking de GALA. Revendeur \u00e0 Beaulieu-sur-Mer. Contactez-nous.\",\"breadcrumb\":{\"@id\":\"https:\\\/\\\/www.beaulieumarine.com\\\/en\\\/for-sale\\\/gala\\\/#breadcrumb\"},\"inLanguage\":\"en-US\",\"potentialAction\":[{\"@type\":\"ReadAction\",\"target\":[\"https:\\\/\\\/www.beaulieumarine.com\\\/en\\\/for-sale\\\/gala\\\/\"]}]},{\"@type\":\"ImageObject\",\"inLanguage\":\"en-US\",\"@id\":\"https:\\\/\\\/www.beaulieumarine.com\\\/en\\\/for-sale\\\/gala\\\/#primaryimage\",\"url\":\"https:\\\/\\\/www.beaulieumarine.com\\\/wp-content\\\/uploads\\\/2023\\\/01\\\/gala-1.png\",\"contentUrl\":\"https:\\\/\\\/www.beaulieumarine.com\\\/wp-content\\\/uploads\\\/2023\\\/01\\\/gala-1.png\",\"width\":960,\"height\":640,\"caption\":\"Gala Viking V650 Fishing\"},{\"@type\":\"BreadcrumbList\",\"@id\":\"https:\\\/\\\/www.beaulieumarine.com\\\/en\\\/for-sale\\\/gala\\\/#breadcrumb\",\"itemListElement\":[{\"@type\":\"ListItem\",\"position\":1,\"name\":\"Accueil\",\"item\":\"https:\\\/\\\/www.beaulieumarine.com\\\/en\\\/\"},{\"@type\":\"ListItem\",\"position\":2,\"name\":\"Sales\",\"item\":\"https:\\\/\\\/www.beaulieumarine.com\\\/en\\\/for-sale\\\/\"},{\"@type\":\"ListItem\",\"position\":3,\"name\":\"GALA\"}]},{\"@type\":\"WebSite\",\"@id\":\"https:\\\/\\\/www.beaulieumarine.com\\\/en\\\/#website\",\"url\":\"https:\\\/\\\/www.beaulieumarine.com\\\/en\\\/\",\"name\":\"Beaulieu Marine\",\"description\":\"Location de Bateaux sur la C\u00f4te d&#039;Azur\",\"publisher\":{\"@id\":\"https:\\\/\\\/www.beaulieumarine.com\\\/en\\\/#organization\"},\"potentialAction\":[{\"@type\":\"SearchAction\",\"target\":{\"@type\":\"EntryPoint\",\"urlTemplate\":\"https:\\\/\\\/www.beaulieumarine.com\\\/en\\\/?s={search_term_string}\"},\"query-input\":{\"@type\":\"PropertyValueSpecification\",\"valueRequired\":true,\"valueName\":\"search_term_string\"}}],\"inLanguage\":\"en-US\"},{\"@type\":\"Organization\",\"@id\":\"https:\\\/\\\/www.beaulieumarine.com\\\/en\\\/#organization\",\"name\":\"SAS Beaulieu Marine\",\"url\":\"https:\\\/\\\/www.beaulieumarine.com\\\/en\\\/\",\"logo\":{\"@type\":\"ImageObject\",\"inLanguage\":\"en-US\",\"@id\":\"https:\\\/\\\/www.beaulieumarine.com\\\/en\\\/#\\\/schema\\\/logo\\\/image\\\/\",\"url\":\"https:\\\/\\\/www.beaulieumarine.com\\\/wp-content\\\/uploads\\\/2017\\\/02\\\/logo-white.png\",\"contentUrl\":\"https:\\\/\\\/www.beaulieumarine.com\\\/wp-content\\\/uploads\\\/2017\\\/02\\\/logo-white.png\",\"width\":3190,\"height\":1420,\"caption\":\"SAS Beaulieu Marine\"},\"image\":{\"@id\":\"https:\\\/\\\/www.beaulieumarine.com\\\/en\\\/#\\\/schema\\\/logo\\\/image\\\/\"},\"sameAs\":[\"https:\\\/\\\/www.facebook.com\\\/beaulieumarine\\\/?fref=ts\",\"https:\\\/\\\/www.instagram.com\\\/beaulieumarine_fr\\\/\"]}]}<\/script>\n<!-- \/ Yoast SEO Premium plugin. -->","yoast_head_json":{"title":"GALA - Beaulieu Marine","description":"D\u00e9couvrez les diff\u00e9rents mod\u00e8les d'annexes des gammes Atlantis et Viking de GALA. Revendeur \u00e0 Beaulieu-sur-Mer. Contactez-nous.","robots":{"index":"index","follow":"follow","max-snippet":"max-snippet:-1","max-image-preview":"max-image-preview:large","max-video-preview":"max-video-preview:-1"},"canonical":"https:\/\/www.beaulieumarine.com\/en\/for-sale\/gala\/","og_locale":"en_US","og_type":"article","og_title":"GALA","og_description":"D\u00e9couvrez les diff\u00e9rents mod\u00e8les d'annexes des gammes Atlantis et Viking de GALA. Revendeur \u00e0 Beaulieu-sur-Mer. Contactez-nous.","og_url":"https:\/\/www.beaulieumarine.com\/en\/for-sale\/gala\/","og_site_name":"Beaulieu Marine","article_publisher":"https:\/\/www.facebook.com\/beaulieumarine\/?fref=ts","article_modified_time":"2024-01-19T09:35:03+00:00","og_image":[{"width":960,"height":640,"url":"https:\/\/www.beaulieumarine.com\/wp-content\/uploads\/2023\/01\/gala-1.png","type":"image\/png"}],"twitter_card":"summary_large_image","twitter_misc":{"Est. reading time":"2 minutes"},"schema":{"@context":"https:\/\/schema.org","@graph":[{"@type":"WebPage","@id":"https:\/\/www.beaulieumarine.com\/en\/for-sale\/gala\/","url":"https:\/\/www.beaulieumarine.com\/en\/for-sale\/gala\/","name":"GALA - Beaulieu Marine","isPartOf":{"@id":"https:\/\/www.beaulieumarine.com\/en\/#website"},"primaryImageOfPage":{"@id":"https:\/\/www.beaulieumarine.com\/en\/for-sale\/gala\/#primaryimage"},"image":{"@id":"https:\/\/www.beaulieumarine.com\/en\/for-sale\/gala\/#primaryimage"},"thumbnailUrl":"https:\/\/www.beaulieumarine.com\/wp-content\/uploads\/2023\/01\/gala-1.png","datePublished":"2024-01-15T11:01:17+00:00","dateModified":"2024-01-19T09:35:03+00:00","description":"D\u00e9couvrez les diff\u00e9rents mod\u00e8les d'annexes des gammes Atlantis et Viking de GALA. Revendeur \u00e0 Beaulieu-sur-Mer. Contactez-nous.","breadcrumb":{"@id":"https:\/\/www.beaulieumarine.com\/en\/for-sale\/gala\/#breadcrumb"},"inLanguage":"en-US","potentialAction":[{"@type":"ReadAction","target":["https:\/\/www.beaulieumarine.com\/en\/for-sale\/gala\/"]}]},{"@type":"ImageObject","inLanguage":"en-US","@id":"https:\/\/www.beaulieumarine.com\/en\/for-sale\/gala\/#primaryimage","url":"https:\/\/www.beaulieumarine.com\/wp-content\/uploads\/2023\/01\/gala-1.png","contentUrl":"https:\/\/www.beaulieumarine.com\/wp-content\/uploads\/2023\/01\/gala-1.png","width":960,"height":640,"caption":"Gala Viking V650 Fishing"},{"@type":"BreadcrumbList","@id":"https:\/\/www.beaulieumarine.com\/en\/for-sale\/gala\/#breadcrumb","itemListElement":[{"@type":"ListItem","position":1,"name":"Accueil","item":"https:\/\/www.beaulieumarine.com\/en\/"},{"@type":"ListItem","position":2,"name":"Sales","item":"https:\/\/www.beaulieumarine.com\/en\/for-sale\/"},{"@type":"ListItem","position":3,"name":"GALA"}]},{"@type":"WebSite","@id":"https:\/\/www.beaulieumarine.com\/en\/#website","url":"https:\/\/www.beaulieumarine.com\/en\/","name":"Beaulieu Marine","description":"Location de Bateaux sur la C\u00f4te d&#039;Azur","publisher":{"@id":"https:\/\/www.beaulieumarine.com\/en\/#organization"},"potentialAction":[{"@type":"SearchAction","target":{"@type":"EntryPoint","urlTemplate":"https:\/\/www.beaulieumarine.com\/en\/?s={search_term_string}"},"query-input":{"@type":"PropertyValueSpecification","valueRequired":true,"valueName":"search_term_string"}}],"inLanguage":"en-US"},{"@type":"Organization","@id":"https:\/\/www.beaulieumarine.com\/en\/#organization","name":"SAS Beaulieu Marine","url":"https:\/\/www.beaulieumarine.com\/en\/","logo":{"@type":"ImageObject","inLanguage":"en-US","@id":"https:\/\/www.beaulieumarine.com\/en\/#\/schema\/logo\/image\/","url":"https:\/\/www.beaulieumarine.com\/wp-content\/uploads\/2017\/02\/logo-white.png","contentUrl":"https:\/\/www.beaulieumarine.com\/wp-content\/uploads\/2017\/02\/logo-white.png","width":3190,"height":1420,"caption":"SAS Beaulieu Marine"},"image":{"@id":"https:\/\/www.beaulieumarine.com\/en\/#\/schema\/logo\/image\/"},"sameAs":["https:\/\/www.facebook.com\/beaulieumarine\/?fref=ts","https:\/\/www.instagram.com\/beaulieumarine_fr\/"]}]}},"_links":{"self":[{"href":"https:\/\/www.beaulieumarine.com\/en\/wp-json\/wp\/v2\/pages\/20621","targetHints":{"allow":["GET"]}}],"collection":[{"href":"https:\/\/www.beaulieumarine.com\/en\/wp-json\/wp\/v2\/pages"}],"about":[{"href":"https:\/\/www.beaulieumarine.com\/en\/wp-json\/wp\/v2\/types\/page"}],"author":[{"embeddable":true,"href":"https:\/\/www.beaulieumarine.com\/en\/wp-json\/wp\/v2\/users\/1"}],"replies":[{"embeddable":true,"href":"https:\/\/www.beaulieumarine.com\/en\/wp-json\/wp\/v2\/comments?post=20621"}],"version-history":[{"count":15,"href":"https:\/\/www.beaulieumarine.com\/en\/wp-json\/wp\/v2\/pages\/20621\/revisions"}],"predecessor-version":[{"id":20879,"href":"https:\/\/www.beaulieumarine.com\/en\/wp-json\/wp\/v2\/pages\/20621\/revisions\/20879"}],"up":[{"embeddable":true,"href":"https:\/\/www.beaulieumarine.com\/en\/wp-json\/wp\/v2\/pages\/1275"}],"wp:featuredmedia":[{"embeddable":true,"href":"https:\/\/www.beaulieumarine.com\/en\/wp-json\/wp\/v2\/media\/12555"}],"wp:attachment":[{"href":"https:\/\/www.beaulieumarine.com\/en\/wp-json\/wp\/v2\/media?parent=20621"}],"curies":[{"name":"wp","href":"https:\/\/api.w.org\/{rel}","templated":true}]}}